{"id":26016,"date":"2025-02-10T11:11:53","date_gmt":"2025-02-10T10:11:53","guid":{"rendered":"https:\/\/bookingtjeneste.no\/?page_id=26016"},"modified":"2025-06-17T11:28:10","modified_gmt":"2025-06-17T09:28:10","slug":"data-processing-agreement","status":"publish","type":"page","link":"https:\/\/bookingtjeneste.no\/en\/databehandleravtale\/","title":{"rendered":"Data processing agreement"},"content":{"rendered":"<div data-elementor-type=\"wp-page\" data-elementor-id=\"26016\" class=\"elementor elementor-26016\">\n\t\t\t\t\t\t<section class=\"elementor-section elementor-top-section elementor-element elementor-element-660f1be elementor-section-content-middle elementor-section-boxed elementor-section-height-default elementor-section-height-default\" data-id=\"660f1be\" data-element_type=\"section\" data-e-type=\"section\" data-settings=\"{&quot;pix_scale_in&quot;:&quot;none&quot;}\">\n\t\t\t\t\t\t<div class=\"elementor-container elementor-column-gap-default\">\n\t\t\t\t\t<div class=\"elementor-column elementor-col-50 elementor-top-column elementor-element elementor-element-eb761d9\" data-id=\"eb761d9\" data-element_type=\"column\" data-e-type=\"column\" data-settings=\"{&quot;pix_scale_in&quot;:&quot;none&quot;}\">\n\t\t\t<div class=\"elementor-widget-wrap elementor-element-populated\">\n\t\t\t\t\t\t<div class=\"elementor-element elementor-element-84e3521 elementor-invisible elementor-widget elementor-widget-pix-badge\" data-id=\"84e3521\" data-element_type=\"widget\" data-e-type=\"widget\" data-widget_type=\"pix-badge.default\">\n\t\t\t\t<div class=\"elementor-widget-container\">\n\t\t\t\t\t<span class=\"pix-badge-element h4 d-inline-flex mr-1 animate-in\" data-anim-type=\"fade-in-left\" data-anim-delay=\"0\"><span class=\"badge font-weight-bold secondary-font badge-pill shadow-sm bg-white\" style=\" \"><span class=\"text-heading-default\" style=\"\">Document<\/span><\/span><\/span>\t\t\t\t<\/div>\n\t\t\t\t<\/div>\n\t\t\t\t<div class=\"elementor-element elementor-element-949491f elementor-widget elementor-widget-pix-heading\" data-id=\"949491f\" data-element_type=\"widget\" data-e-type=\"widget\" data-widget_type=\"pix-heading.default\">\n\t\t\t\t<div class=\"elementor-widget-container\">\n\t\t\t\t\t<div  class=\"pix-heading-el text-left\"><h1 class=\"text-heading-default font-weight-bold h1 heading-text el-title_custom_color mb-12\" style=\"\" data-anim-type=\"\" data-anim-delay=\"\">Data processing agreement<\/h1><\/div>\t\t\t\t<\/div>\n\t\t\t\t<\/div>\n\t\t\t\t<div class=\"elementor-element elementor-element-37afdc4 elementor-widget elementor-widget-pix-text\" data-id=\"37afdc4\" data-element_type=\"widget\" data-e-type=\"widget\" data-widget_type=\"pix-text.default\">\n\t\t\t\t<div class=\"elementor-widget-container\">\n\t\t\t\t\t<div class=\"pix-el-text w-100 text-center\" ><p class=\"resp-option text-body-default text-center\" >By using Bookingtjeneste.no and related services, you agree to our data processing agreement listed in the document on this page. These are regularly updated and it is your responsibility to keep yourself informed of any changes that may occur.<\/p><\/div>\t\t\t\t<\/div>\n\t\t\t\t<\/div>\n\t\t\t\t\t<\/div>\n\t\t<\/div>\n\t\t\t\t<div class=\"elementor-column elementor-col-50 elementor-top-column elementor-element elementor-element-5bdf53f\" data-id=\"5bdf53f\" data-element_type=\"column\" data-e-type=\"column\" data-settings=\"{&quot;pix_scale_in&quot;:&quot;none&quot;}\">\n\t\t\t<div class=\"elementor-widget-wrap elementor-element-populated\">\n\t\t\t\t\t\t<div class=\"elementor-element elementor-element-b75cafb elementor-widget elementor-widget-image\" data-id=\"b75cafb\" data-element_type=\"widget\" data-e-type=\"widget\" data-widget_type=\"image.default\">\n\t\t\t\t<div class=\"elementor-widget-container\">\n\t\t\t\t\t\t\t\t\t\t\t\t\t\t\t<img fetchpriority=\"high\" decoding=\"async\" width=\"640\" height=\"479\" src=\"https:\/\/bookingtjeneste.no\/wp-content\/uploads\/2023\/09\/dokument-1.png\" class=\"attachment-large size-large wp-image-22184\" alt=\"booking system and website\" srcset=\"https:\/\/bookingtjeneste.no\/wp-content\/uploads\/2023\/09\/dokument-1.png 800w, https:\/\/bookingtjeneste.no\/wp-content\/uploads\/2023\/09\/dokument-1-300x225.png 300w, https:\/\/bookingtjeneste.no\/wp-content\/uploads\/2023\/09\/dokument-1-768x575.png 768w, https:\/\/bookingtjeneste.no\/wp-content\/uploads\/2023\/09\/dokument-1-600x450.png 600w\" sizes=\"(max-width: 640px) 100vw, 640px\" \/>\t\t\t\t\t\t\t\t\t\t\t\t\t\t\t<\/div>\n\t\t\t\t<\/div>\n\t\t\t\t\t<\/div>\n\t\t<\/div>\n\t\t\t\t\t<\/div>\n\t\t<\/section>\n\t\t\t\t<section class=\"elementor-section elementor-top-section elementor-element elementor-element-3b99dd1 elementor-section-boxed elementor-section-height-default elementor-section-height-default\" data-id=\"3b99dd1\" data-element_type=\"section\" data-e-type=\"section\" data-settings=\"{&quot;pix_scale_in&quot;:&quot;none&quot;}\">\n\t\t\t\t\t\t<div class=\"elementor-container elementor-column-gap-default\">\n\t\t\t\t\t<div class=\"elementor-column elementor-col-100 elementor-top-column elementor-element elementor-element-2683a95\" data-id=\"2683a95\" data-element_type=\"column\" data-e-type=\"column\" data-settings=\"{&quot;pix_scale_in&quot;:&quot;none&quot;}\">\n\t\t\t<div class=\"elementor-widget-wrap elementor-element-populated\">\n\t\t\t\t\t\t<div class=\"elementor-element elementor-element-77075eb elementor-widget__width-initial elementor-widget elementor-widget-text-editor\" data-id=\"77075eb\" data-element_type=\"widget\" data-e-type=\"widget\" data-widget_type=\"text-editor.default\">\n\t\t\t\t<div class=\"elementor-widget-container\">\n\t\t\t\t\t\t\t\t\t<h4>Data processing agreement<\/h4><p><br \/>Bookingtjeneste.no is a service owned by Preferium AS. We prioritize the security and privacy of your data, and therefore we follow the guidelines set out in our data processing agreement. For full insight into how we handle and protect your personal data, we refer you to the full agreement which you can find here: <a href=\"https:\/\/preferium.no\/databehandleravtale\/\" target=\"_blank\" rel=\"noopener\">https:\/\/preferium.no\/databehandleravtale\/<\/a><\/p><p>By using our services, you agree to the terms of the data processing agreement. If you have any questions or need further information, please feel free to contact us.<\/p>\t\t\t\t\t\t\t\t<\/div>\n\t\t\t\t<\/div>\n\t\t\t\t\t<\/div>\n\t\t<\/div>\n\t\t\t\t\t<\/div>\n\t\t<\/section>\n\t\t\t\t<\/div>","protected":false},"excerpt":{"rendered":"<p>Dokument Databehandleravtale Ved bruk av Bookingtjeneste.no og tilh\u00f8rende tjenester godtar du v\u00e5r databehendaleravtale som er oppf\u00f8rt i dokumentet p\u00e5 denne siden. Disse blir regelmessig oppdatert og det er ditt ansvar \u00e5 holde deg selv oppdatert p\u00e5 endringer som kan forekomme&#8230;.<\/p>","protected":false},"author":1,"featured_media":24547,"parent":0,"menu_order":0,"comment_status":"closed","ping_status":"closed","template":"","meta":{"footnotes":""},"class_list":["post-26016","page","type-page","status-publish","has-post-thumbnail","hentry"],"_links":{"self":[{"href":"https:\/\/bookingtjeneste.no\/en\/wp-json\/wp\/v2\/pages\/26016","targetHints":{"allow":["GET"]}}],"collection":[{"href":"https:\/\/bookingtjeneste.no\/en\/wp-json\/wp\/v2\/pages"}],"about":[{"href":"https:\/\/bookingtjeneste.no\/en\/wp-json\/wp\/v2\/types\/page"}],"author":[{"embeddable":true,"href":"https:\/\/bookingtjeneste.no\/en\/wp-json\/wp\/v2\/users\/1"}],"replies":[{"embeddable":true,"href":"https:\/\/bookingtjeneste.no\/en\/wp-json\/wp\/v2\/comments?post=26016"}],"version-history":[{"count":0,"href":"https:\/\/bookingtjeneste.no\/en\/wp-json\/wp\/v2\/pages\/26016\/revisions"}],"wp:featuredmedia":[{"embeddable":true,"href":"https:\/\/bookingtjeneste.no\/en\/wp-json\/wp\/v2\/media\/24547"}],"wp:attachment":[{"href":"https:\/\/bookingtjeneste.no\/en\/wp-json\/wp\/v2\/media?parent=26016"}],"curies":[{"name":"wp","href":"https:\/\/api.w.org\/{rel}","templated":true}]}}