{"id":14272,"date":"2022-10-14T09:27:48","date_gmt":"2022-10-14T09:27:48","guid":{"rendered":"https:\/\/bookingtjeneste.no\/?page_id=14272"},"modified":"2026-02-11T15:15:02","modified_gmt":"2026-02-11T14:15:02","slug":"kontakt","status":"publish","type":"page","link":"https:\/\/bookingtjeneste.no\/nn\/kontakt\/","title":{"rendered":"Kontakt"},"content":{"rendered":"<div data-elementor-type=\"wp-page\" data-elementor-id=\"14272\" class=\"elementor elementor-14272\">\n\t\t\t\t\t\t<section class=\"elementor-section elementor-top-section elementor-element elementor-element-183ac82 elementor-section-content-middle elementor-section-boxed elementor-section-height-default elementor-section-height-default\" data-id=\"183ac82\" data-element_type=\"section\" data-e-type=\"section\" data-settings=\"{&quot;pix_scale_in&quot;:&quot;none&quot;}\">\n\t\t\t\t\t\t<div class=\"elementor-container elementor-column-gap-default\">\n\t\t\t\t\t<div class=\"elementor-column elementor-col-50 elementor-top-column elementor-element elementor-element-9b225ca\" data-id=\"9b225ca\" data-element_type=\"column\" data-e-type=\"column\" data-settings=\"{&quot;pix_scale_in&quot;:&quot;none&quot;}\">\n\t\t\t<div class=\"elementor-widget-wrap elementor-element-populated\">\n\t\t\t\t\t\t<div class=\"elementor-element elementor-element-9ebede3 elementor-invisible elementor-widget elementor-widget-pix-badge\" data-id=\"9ebede3\" data-element_type=\"widget\" data-e-type=\"widget\" data-widget_type=\"pix-badge.default\">\n\t\t\t\t<div class=\"elementor-widget-container\">\n\t\t\t\t\t<span class=\"pix-badge-element h4 d-inline-flex mr-1 animate-in\" data-anim-type=\"fade-in-left\" data-anim-delay=\"0\"><span class=\"badge font-weight-bold secondary-font badge-pill shadow-sm bg-white\" style=\" \"><span class=\"text-heading-default\" style=\"\">Vi besvarer foresp\u00f8rsler raskt <\/span><\/span><\/span>\t\t\t\t<\/div>\n\t\t\t\t<\/div>\n\t\t\t\t<div class=\"elementor-element elementor-element-0044200 elementor-widget elementor-widget-pix-heading\" data-id=\"0044200\" data-element_type=\"widget\" data-e-type=\"widget\" data-widget_type=\"pix-heading.default\">\n\t\t\t\t<div class=\"elementor-widget-container\">\n\t\t\t\t\t<div  class=\"pix-heading-el text-left\"><h1 class=\"text-heading-default font-weight-bold h1 heading-text el-title_custom_color mb-12\" style=\"\" data-anim-type=\"\" data-anim-delay=\"\">Kontakt<\/h1><\/div>\t\t\t\t<\/div>\n\t\t\t\t<\/div>\n\t\t\t\t<div class=\"elementor-element elementor-element-3ec88d4 elementor-widget elementor-widget-pix-text\" data-id=\"3ec88d4\" data-element_type=\"widget\" data-e-type=\"widget\" data-widget_type=\"pix-text.default\">\n\t\t\t\t<div class=\"elementor-widget-container\">\n\t\t\t\t\t<div class=\"pix-el-text w-100 text-center\" ><p class=\"resp-option text-body-default text-center\" >Kontakt oss via chat. Vi besvarer foresp\u00f8rsler raskest mulig. Hvis du er eksisterende kunde og trenger hjelp, benytt v\u00e5r side for <a href=\"https:\/\/bookingtjeneste.tawk.help\" target=\"_blank\" rel=\"noopener\">Brukerst\u00f8tte.<\/a><\/p><\/div>\t\t\t\t<\/div>\n\t\t\t\t<\/div>\n\t\t\t\t\t<\/div>\n\t\t<\/div>\n\t\t\t\t<div class=\"elementor-column elementor-col-50 elementor-top-column elementor-element elementor-element-9481bf5\" data-id=\"9481bf5\" data-element_type=\"column\" data-e-type=\"column\" data-settings=\"{&quot;pix_scale_in&quot;:&quot;none&quot;}\">\n\t\t\t<div class=\"elementor-widget-wrap elementor-element-populated\">\n\t\t\t\t\t\t<div class=\"elementor-element elementor-element-c5b4a4d elementor-widget elementor-widget-image\" data-id=\"c5b4a4d\" data-element_type=\"widget\" data-e-type=\"widget\" data-widget_type=\"image.default\">\n\t\t\t\t<div class=\"elementor-widget-container\">\n\t\t\t\t\t\t\t\t\t\t\t\t\t\t\t<img fetchpriority=\"high\" decoding=\"async\" width=\"640\" height=\"615\" src=\"https:\/\/bookingtjeneste.no\/wp-content\/uploads\/2023\/05\/responsive_design-1.png\" class=\"attachment-large size-large wp-image-20228\" alt=\"bookingsystem bookingkalender\" srcset=\"https:\/\/bookingtjeneste.no\/wp-content\/uploads\/2023\/05\/responsive_design-1.png 875w, https:\/\/bookingtjeneste.no\/wp-content\/uploads\/2023\/05\/responsive_design-1-300x288.png 300w, https:\/\/bookingtjeneste.no\/wp-content\/uploads\/2023\/05\/responsive_design-1-768x738.png 768w, https:\/\/bookingtjeneste.no\/wp-content\/uploads\/2023\/05\/responsive_design-1-600x577.png 600w\" sizes=\"(max-width: 640px) 100vw, 640px\" \/>\t\t\t\t\t\t\t\t\t\t\t\t\t\t\t<\/div>\n\t\t\t\t<\/div>\n\t\t\t\t\t<\/div>\n\t\t<\/div>\n\t\t\t\t\t<\/div>\n\t\t<\/section>\n\t\t\t\t<section class=\"elementor-section elementor-top-section elementor-element elementor-element-6be85ed6 elementor-section-boxed elementor-section-height-default elementor-section-height-default\" data-id=\"6be85ed6\" data-element_type=\"section\" data-e-type=\"section\" data-settings=\"{&quot;background_background&quot;:&quot;classic&quot;,&quot;pix_scale_in&quot;:&quot;none&quot;}\">\n\t\t\t\t\t\t<div class=\"elementor-container elementor-column-gap-default\">\n\t\t\t\t\t<div class=\"elementor-column elementor-col-50 elementor-top-column elementor-element elementor-element-6a23e4c1\" data-id=\"6a23e4c1\" data-element_type=\"column\" data-e-type=\"column\" data-settings=\"{&quot;pix_scale_in&quot;:&quot;none&quot;}\">\n\t\t\t<div class=\"elementor-widget-wrap elementor-element-populated\">\n\t\t\t\t\t\t<div class=\"elementor-element elementor-element-1245a2f elementor-widget elementor-widget-pix-heading\" data-id=\"1245a2f\" data-element_type=\"widget\" data-e-type=\"widget\" data-widget_type=\"pix-heading.default\">\n\t\t\t\t<div class=\"elementor-widget-container\">\n\t\t\t\t\t<div  class=\"pix-heading-el text-left\"><div class=\"d-inline-block\" style=\"max-width:800px;\"><h3 class=\"text-heading-default font-weight-bold h3 heading-text el-title_custom_color mb-12\" style=\"\" data-anim-type=\"\" data-anim-delay=\"\">AI-drevet chat-support<\/h3><\/div><\/div>\t\t\t\t<\/div>\n\t\t\t\t<\/div>\n\t\t\t\t<div class=\"elementor-element elementor-element-e508762 elementor-invisible elementor-widget elementor-widget-pix-text\" data-id=\"e508762\" data-element_type=\"widget\" data-e-type=\"widget\" data-widget_type=\"pix-text.default\">\n\t\t\t\t<div class=\"elementor-widget-container\">\n\t\t\t\t\t<div class=\"pix-el-text w-100 text-left\" ><div class=\"d-inline-block\" style=\"max-width:550px;\"><p class=\"resp-option text-left\"><div class=\"animate-in d-inline-block\" data-anim-delay=\"300\" data-anim-type=\"fade-in-up\"><p>Vi tilbyr en ekte AI-assistent, ikke bare en standard chatbot. Teknologien v\u00e5r er utviklet for \u00e5 forst\u00e5 og besvare dine behov med h\u00f8y presisjon og relevans. Chattetjenesten er tilgjengelig d\u00f8gnet rundt i nedre h\u00f8yre hj\u00f8rne. Gir ikke AI-en et tilfredsstillende svar, vil en av v\u00e5re ansatte f\u00f8lge opp via e-post\u2014legg derfor igjen e-postadressen din i chatten.<\/p><p>\u00a0<\/p><p>Sender du e-post direkte, svarer vi innen maks 48 timer. Vi bist\u00e5r gjerne med alle sp\u00f8rsm\u00e5l og henvendelser.<\/p><\/div><\/p><\/div><\/div>\t\t\t\t<\/div>\n\t\t\t\t<\/div>\n\t\t\t\t<div class=\"elementor-element elementor-element-43009ca3 elementor-widget elementor-widget-pix-heading\" data-id=\"43009ca3\" data-element_type=\"widget\" data-e-type=\"widget\" data-widget_type=\"pix-heading.default\">\n\t\t\t\t<div class=\"elementor-widget-container\">\n\t\t\t\t\t<div  class=\"pix-heading-el text-left\"><div class=\"d-inline-block\" style=\"max-width:800px;\"><h3 class=\"text-heading-default font-weight-bold h3 heading-text el-title_custom_color mb-12\" style=\"\" data-anim-type=\"\" data-anim-delay=\"\">Dokumentasjon og veiledninger<\/h3><\/div><\/div>\t\t\t\t<\/div>\n\t\t\t\t<\/div>\n\t\t\t\t<div class=\"elementor-element elementor-element-4b4e3810 elementor-widget elementor-widget-pix-text\" data-id=\"4b4e3810\" data-element_type=\"widget\" data-e-type=\"widget\" data-widget_type=\"pix-text.default\">\n\t\t\t\t<div class=\"elementor-widget-container\">\n\t\t\t\t\t<div class=\"pix-el-text w-100 text-left\" ><div class=\"d-inline-block\" style=\"max-width:550px;\"><p class=\"resp-option text-body-default text-left\" >\u00d8nsker du mer utfyllende informasjon om systemet? Se gjerne v\u00e5r dokumentasjon med detaljerte beskrivelser og video.<\/p><\/div><\/div>\t\t\t\t<\/div>\n\t\t\t\t<\/div>\n\t\t\t\t<div class=\"elementor-element elementor-element-b89beaf elementor-widget-mobile__width-inherit elementor-widget__width-auto elementor-widget elementor-widget-pix-button\" data-id=\"b89beaf\" data-element_type=\"widget\" data-e-type=\"widget\" data-widget_type=\"pix-button.default\">\n\t\t\t\t<div class=\"elementor-widget-container\">\n\t\t\t\t\t<a href=\"https:\/\/bookingtjeneste.no\/nn\/dokumentasjon\/\" class=\"btn m-0     shadow-sm shadow-hover-sm text-heading-default btn-white d-inline-flex align-items-center      animate-in btn-normal\" data-anim-type=\"fade-in-left\" data-anim-delay=\"400\"><svg class=\"pixfort-icon font-weight-bold   mr-2\" width=\"24\" height=\"24\"  data-name=\"Line\/pixfort-icon-file-content-1\" viewbox=\"2 2 20 20\"><path fill=\"none\" stroke=\"var(--pf-icon-color)\" stroke-linecap=\"round\" stroke-linejoin=\"round\" stroke-width=\"var(--pf-icon-stroke-width)\" d=\"M7,3 L12.8727869,3 L12.8727869,3 C14.9175556,4.48800639 17.4920457,6.76866015 19,8.65347855 L19,19 C19,20.1045695 18.1045695,21 17,21 L7,21 C5.8954305,21 5,20.1045695 5,19 L5,5 C5,3.8954305 5.8954305,3 7,3 Z M12.6586405,3 L12.5665066,6.3715119 C12.5226946,7.9747483 13.7868579,9.30994479 15.3900943,9.35375673 C15.5249374,9.35744162 15.6598734,9.35172666 15.793922,9.33665338 L19,8.97614154 L19,8.97614154 M9,17 L15,17 M9,13 L15,13 M9,9 L10,9\"\/><\/svg><span class=\"font-weight-bold\" >G\u00e5 til dokumentasjon<\/span><\/a>\t\t\t\t<\/div>\n\t\t\t\t<\/div>\n\t\t\t\t<div class=\"elementor-element elementor-element-cb6b521 elementor-widget elementor-widget-spacer\" data-id=\"cb6b521\" data-element_type=\"widget\" data-e-type=\"widget\" data-widget_type=\"spacer.default\">\n\t\t\t\t<div class=\"elementor-widget-container\">\n\t\t\t\t\t\t\t<div class=\"elementor-spacer\">\n\t\t\t<div class=\"elementor-spacer-inner\"><\/div>\n\t\t<\/div>\n\t\t\t\t\t\t<\/div>\n\t\t\t\t<\/div>\n\t\t\t\t\t<\/div>\n\t\t<\/div>\n\t\t\t\t<div class=\"elementor-column elementor-col-50 elementor-top-column elementor-element elementor-element-d46fb9e\" data-id=\"d46fb9e\" data-element_type=\"column\" data-e-type=\"column\" data-settings=\"{&quot;pix_scale_in&quot;:&quot;none&quot;}\">\n\t\t\t<div class=\"elementor-widget-wrap elementor-element-populated\">\n\t\t\t\t\t\t<div class=\"elementor-element elementor-element-c31e103 elementor-widget elementor-widget-pix-heading\" data-id=\"c31e103\" data-element_type=\"widget\" data-e-type=\"widget\" data-widget_type=\"pix-heading.default\">\n\t\t\t\t<div class=\"elementor-widget-container\">\n\t\t\t\t\t<div  class=\"pix-heading-el text-left\"><div class=\"d-inline-block\" style=\"max-width:800px;\"><h3 class=\"text-heading-default font-weight-bold h3 heading-text el-title_custom_color mb-12\" style=\"\" data-anim-type=\"\" data-anim-delay=\"\">Kontaktinformasjon<\/h3><\/div><\/div>\t\t\t\t<\/div>\n\t\t\t\t<\/div>\n\t\t\t\t<div class=\"elementor-element elementor-element-dc9691c elementor-widget elementor-widget-pix-text\" data-id=\"dc9691c\" data-element_type=\"widget\" data-e-type=\"widget\" data-widget_type=\"pix-text.default\">\n\t\t\t\t<div class=\"elementor-widget-container\">\n\t\t\t\t\t<div class=\"pix-el-text w-100 text-left\" ><div class=\"d-inline-block\" style=\"max-width:550px;\"><p class=\"resp-option text-body-default text-left\" >Bookingtjeneste.no drives av medieselskapet Preferium AS. <\/p><\/div><\/div>\t\t\t\t<\/div>\n\t\t\t\t<\/div>\n\t\t\t\t<div class=\"elementor-element elementor-element-39f27228 elementor-invisible elementor-widget elementor-widget-pix-feature-list\" data-id=\"39f27228\" data-element_type=\"widget\" data-e-type=\"widget\" data-widget_type=\"pix-feature-list.default\">\n\t\t\t\t<div class=\"elementor-widget-container\">\n\t\t\t\t\t<div id=\"accordion-b70c06e6d451d4d92dcb690a22e3b851\" class=\"w-100\" ><div class=\"py-2 animate-in\" data-anim-type=\"fade-in-up\" data-anim-delay=\"0\"><div class=\"pix-feature-list     secondary-font   py-2 d-flex align-items-center\" ><a class=\"d-flex align-items-center\" href=\"mailto:post@bookingtjeneste.no\" target=\"_self\"><div class=\"d-inline-flex align-items-center pix-mr-10 text-primary\" style=\"font-size:1.2em;position:relative;line-height:1em;text-align:center;\"><svg class=\"pixfort-icon\" width=\"24\" height=\"24\"  data-name=\"Duotone\/pixfort-icon-at-1\" viewbox=\"2 2 20 20\"><g fill=\"none\" fill-rule=\"evenodd\"><path fill=\"var(--pf-icon-color)\" fill-opacity=\".25\" d=\"M12,2 C17.5228635,2 22.000102,6.47716846 22.000102,12 C22.000102,12.7762131 21.9682098,13.2942864 21.8309321,13.9198746 C21.4627854,15.5975555 20.4468434,16.7213312 18.6770012,16.7213312 C16.5023831,16.7213312 15.2834225,15.0268395 15,12 L15,9 C15,8.44771525 15.4477153,8 16,8 C16.5522847,8 17,8.44771525 17,9 L16.9955058,11.9052996 C17.1885808,13.9349354 17.7542877,14.7213312 18.6770012,14.7213312 C19.3515998,14.7213312 19.6894916,14.347575 19.877413,13.4911986 C19.9750941,13.0460561 20.000102,12.6398145 20.000102,12 C20.000102,7.58174497 16.418301,4 12,4 C7.581722,4 4,7.581722 4,12 C4,16.418278 7.581722,20 12,20 C13.2374819,20 14.4329113,19.7195017 15.5181427,19.1871481 C16.0139824,18.9439169 16.6131177,19.1486966 16.8563489,19.6445364 C17.0995801,20.1403761 16.8948003,20.7395115 16.3989606,20.9827426 C15.0410639,21.6488506 13.5445331,22 12,22 C6.4771525,22 2,17.5228475 2,12 C2,6.4771525 6.4771525,2 12,2 Z\"\/><path fill=\"var(--pf-icon-color)\" d=\"M12,7 C13.2757989,7 14.4399955,7.47782653 15.3233914,8.26428122 C15.5000614,8.10053468 15.7382902,8 16,8 C16.5522847,8 17,8.44771525 17,9 L16.996,11.832 L16.999,11.951 L17.0207746,12.1792655 C17.1186548,13.1039092 17.3267161,13.7628743 17.6138728,14.1547449 C17.9403149,14.6002266 17.8438142,15.2259946 17.3983324,15.5524367 C16.9528507,15.8788788 16.3270828,15.7823781 16.0006406,15.3368964 C15.9578981,15.2785674 15.9165645,15.2184673 15.8766214,15.1565613 C14.960289,16.2819052 13.5640045,17 12,17 C9.23857625,17 7,14.7614237 7,12 C7,9.23857625 9.23857625,7 12,7 Z M12,9 C13.6568542,9 15,10.3431458 15,12 C15,13.6568542 13.6568542,15 12,15 C10.3431458,15 9,13.6568542 9,12 C9,10.3431458 10.3431458,9 12,9 Z\"\/><\/g><\/svg><\/div><span class=\"text-heading-default\">post@bookingtjeneste.no<\/span><\/a><\/div><div class=\"pix-feature-list     secondary-font   py-2 d-flex align-items-center\" ><div class=\"d-inline-flex align-items-center pix-mr-10 text-primary\" style=\"font-size:1.2em;position:relative;line-height:1em;text-align:center;\"><svg class=\"pixfort-icon\" width=\"24\" height=\"24\"  data-name=\"Duotone\/pixfort-icon-earth-1\" viewbox=\"2 2 20 20\"><g fill=\"none\" fill-rule=\"evenodd\"><path fill=\"var(--pf-icon-color)\" fill-opacity=\".25\" d=\"M8.10687266,2.78566634 C8.01416807,2.97154542 7.93771605,3.17382835 7.87890114,3.39336484 L8.94491164,4.77290784 C9.05465618,4.91493018 9.10758641,5.09272781 9.09338637,5.27164837 L8.92851121,7.34907532 C8.91495541,7.51987844 8.82435758,7.67216295 8.64752447,7.92103917 C8.37534319,8.30410912 8.24923327,8.75481427 8.26637761,9.20000266 C8.28352195,9.64519105 8.44392054,10.0848627 8.74475628,10.4458656 C9.11518354,10.8903783 9.60727368,11.2171361 10.1606886,11.3860733 L12.0952545,11.976625 C12.5313065,12.1097356 12.9966763,12.1041882 13.7326973,12.0959157 C14.363067,12.4111005 15.0680559,12.5675895 16.3147372,12.398548 C16.9335555,12.3146404 17.5213174,12.0763896 18.0239016,11.7057338 L19.0395792,10.9566716 C19.2007248,10.8378267 19.4039765,10.7912147 19.6008049,10.8279648 L21.9737508,11.2698519 C21.9911497,11.5109664 22,11.7544497 22,12 C22,17.5228475 17.5228475,22 12,22 C11.8888831,22 11.7781895,21.9981877 11.6679471,21.994591 L11.9311421,19.5978357 L12.4648823,18.586652 C12.7969061,17.957625 12.8528231,17.2536623 12.6726819,16.6164318 C12.4925407,15.9792012 12.0763414,15.4087029 11.4641325,15.0466047 L8.62855715,13.2022716 C8.3540828,12.7672254 7.96581202,12.4316337 7.51862351,12.2213067 C7.07143703,12.0109807 6.56533336,11.9259187 6.05519254,11.9919307 L4.87303327,12.1504035 C3.54370509,12.3370445 2.63017046,12.5108228 2.02495977,12.7085281 C2.00834431,12.4749071 2,12.238428 2,12 C2,7.88126627 4.49002219,4.34410839 8.04681845,2.81177447 Z\"\/><path fill=\"var(--pf-icon-color)\" d=\"M12,2 C16.91843,2 21.0075213,5.55082094 21.8436293,10.2288181 L19.7843446,9.84495246 C19.3149845,9.75731758 18.8303073,9.86846939 18.4460371,10.1518687 L17.4303594,10.9009309 C17.0627979,11.1720075 16.6329421,11.3462507 16.1803736,11.4076159 L15.7630935,11.4641963 C15.220957,11.5377063 14.6692498,11.4461579 14.1799109,11.2014885 L13.4584215,10.8407438 C13.4442359,10.833651 13.4272716,10.8351082 13.4145035,10.8445163 C13.1191012,11.0621811 12.7381636,11.1273263 12.3872172,11.0201953 L10.4526514,10.4296436 C10.0853813,10.3175296 9.75880908,10.100679 9.51297756,9.80568117 C9.20188966,9.4323757 9.18124796,8.89637086 9.46270488,8.5002463 L9.61247469,8.28945916 C9.79263895,8.03589465 9.90076722,7.73826984 9.92537661,7.42819162 L10.0902518,5.35076467 C10.1241134,4.92410796 9.99789515,4.50012899 9.73619664,4.16146034 L9.00814381,3.21927432 C8.91462863,3.09825468 8.80540983,2.9902308 8.68336879,2.89805256 L8.38510689,2.67335349 C9.5062335,2.23851586 10.7252626,2 12,2 Z M6.1835222,12.9836623 C6.81760578,12.9016121 7.44165365,13.1951172 7.78281233,13.7358592 L7.86520367,13.8664508 C8.00632888,14.0901365 8.1986626,14.2770244 8.42630849,14.4116682 L10.9550506,15.9073228 C11.7203117,16.3599455 11.995549,17.3335686 11.5805192,18.1198524 L11.046779,19.131036 C10.9450344,19.3237935 10.8820868,19.5346363 10.861501,19.7516239 L10.6564663,21.9105214 C6.33670602,21.3304469 2.8907398,17.9923642 2.14842542,13.7261312 C2.69695967,13.5083534 3.60411049,13.3383702 5.00590714,13.1415364 Z\"\/><\/g><\/svg><\/div><span class=\"text-heading-default\">Sponheimveien 19, 1613 Fredrikstad. Norge.<\/span><\/div><div class=\"pix-feature-list     secondary-font   py-2 d-flex align-items-center\" ><div class=\"d-inline-flex align-items-center pix-mr-10 text-primary\" style=\"font-size:1.2em;position:relative;line-height:1em;text-align:center;\"><svg class=\"pixfort-icon\" width=\"24\" height=\"24\"  data-name=\"Duotone\/pixfort-icon-exclamation-mark-circle-1\" viewbox=\"2 2 20 20\"><g fill=\"none\" fill-rule=\"evenodd\"><circle cx=\"12\" cy=\"12\" r=\"10\" fill=\"var(--pf-icon-color)\" fill-opacity=\".25\"\/><path fill=\"var(--pf-icon-color)\" d=\"M12,16 C12.5522847,16 13,16.4477153 13,17 L13,17.05 C13,17.6022847 12.5522847,18.05 12,18.05 C11.4477153,18.05 11,17.6022847 11,17.05 L11,17 C11,16.4477153 11.4477153,16 12,16 Z M12,6 C12.5522847,6 13,6.44771525 13,7 L13,14 C13,14.5522847 12.5522847,15 12,15 C11.4477153,15 11,14.5522847 11,14 L11,7 C11,6.44771525 11.4477153,6 12,6 Z\"\/><\/g><\/svg><\/div><span class=\"text-heading-default\">Preferium AS. Org. nr: 999 323 286. Merverdiavgiftsregisteret.<\/span><\/div><\/div><\/div>\t\t\t\t<\/div>\n\t\t\t\t<\/div>\n\t\t\t\t<div class=\"elementor-element elementor-element-26d2c56 elementor-fixed elementor-hidden-mobile elementor-widget elementor-widget-image\" data-id=\"26d2c56\" data-element_type=\"widget\" data-e-type=\"widget\" data-settings=\"{&quot;_position&quot;:&quot;fixed&quot;}\" data-widget_type=\"image.default\">\n\t\t\t\t<div class=\"elementor-widget-container\">\n\t\t\t\t\t\t\t\t\t\t\t\t\t\t\t<img decoding=\"async\" width=\"496\" height=\"142\" src=\"https:\/\/bookingtjeneste.no\/wp-content\/uploads\/2024\/01\/Arrow-8.png\" class=\"attachment-large size-large wp-image-23838\" alt=\"\" srcset=\"https:\/\/bookingtjeneste.no\/wp-content\/uploads\/2024\/01\/Arrow-8.png 496w, https:\/\/bookingtjeneste.no\/wp-content\/uploads\/2024\/01\/Arrow-8-300x86.png 300w, https:\/\/bookingtjeneste.no\/wp-content\/uploads\/2024\/01\/Arrow-8-350x100.png 350w\" sizes=\"(max-width: 496px) 100vw, 496px\" \/>\t\t\t\t\t\t\t\t\t\t\t\t\t\t\t<\/div>\n\t\t\t\t<\/div>\n\t\t\t\t<div class=\"elementor-element elementor-element-61ff6ec elementor-widget-mobile__width-inherit elementor-widget__width-initial elementor-widget elementor-widget-pix-button\" data-id=\"61ff6ec\" data-element_type=\"widget\" data-e-type=\"widget\" data-widget_type=\"pix-button.default\">\n\t\t\t\t<div class=\"elementor-widget-container\">\n\t\t\t\t\t<a  href=\"mailto:post@bookingtjeneste.no\" class=\"btn m-0     shadow-sm shadow-hover-sm text-heading-default btn-white d-inline-flex align-items-center      animate-in btn-normal\" target=\"_blank\" rel=\"noopener\"  data-anim-type=\"fade-in-left\" data-anim-delay=\"400\" ><svg class=\"pixfort-icon font-weight-bold   mr-2\" width=\"24\" height=\"24\"  data-name=\"Line\/pixfort-icon-mail-closed-1\" viewbox=\"2 2 20 20\"><path fill=\"none\" stroke=\"var(--pf-icon-color)\" stroke-linecap=\"round\" stroke-linejoin=\"round\" stroke-width=\"var(--pf-icon-stroke-width)\" d=\"M5,5 L19,5 C20.1045695,5 21,5.8954305 21,7 L21,17 C21,18.1045695 20.1045695,19 19,19 L5,19 C3.8954305,19 3,18.1045695 3,17 L3,7 C3,5.8954305 3.8954305,5 5,5 Z M3.30149167,5.98779765 L10.7448982,11.9882141 C11.4774541,12.5787556 12.5225812,12.5787994 13.2551866,11.9883193 L20.7,5.98779765 L20.7,5.98779765\"\/><\/svg><span class=\"font-weight-bold\" >Send oss e-post<\/span><\/a>\t\t\t\t<\/div>\n\t\t\t\t<\/div>\n\t\t\t\t\t<\/div>\n\t\t<\/div>\n\t\t\t\t\t<\/div>\n\t\t<\/section>\n\t\t\t\t<\/div>","protected":false},"excerpt":{"rendered":"<p>Vi besvarer foresp\u00f8rsler raskt Kontakt Kontakt oss via chat. Vi besvarer foresp\u00f8rsler raskest mulig. Hvis du er eksisterende kunde og trenger hjelp, benytt v\u00e5r side for Brukerst\u00f8tte. AI-drevet chat-support Vi tilbyr en ekte AI-assistent, ikke bare en standard chatbot. Teknologien&#8230;<\/p>","protected":false},"author":1,"featured_media":24547,"parent":0,"menu_order":0,"comment_status":"closed","ping_status":"closed","template":"","meta":{"footnotes":""},"class_list":["post-14272","page","type-page","status-publish","has-post-thumbnail","hentry"],"_links":{"self":[{"href":"https:\/\/bookingtjeneste.no\/nn\/wp-json\/wp\/v2\/pages\/14272","targetHints":{"allow":["GET"]}}],"collection":[{"href":"https:\/\/bookingtjeneste.no\/nn\/wp-json\/wp\/v2\/pages"}],"about":[{"href":"https:\/\/bookingtjeneste.no\/nn\/wp-json\/wp\/v2\/types\/page"}],"author":[{"embeddable":true,"href":"https:\/\/bookingtjeneste.no\/nn\/wp-json\/wp\/v2\/users\/1"}],"replies":[{"embeddable":true,"href":"https:\/\/bookingtjeneste.no\/nn\/wp-json\/wp\/v2\/comments?post=14272"}],"version-history":[{"count":0,"href":"https:\/\/bookingtjeneste.no\/nn\/wp-json\/wp\/v2\/pages\/14272\/revisions"}],"wp:featuredmedia":[{"embeddable":true,"href":"https:\/\/bookingtjeneste.no\/nn\/wp-json\/wp\/v2\/media\/24547"}],"wp:attachment":[{"href":"https:\/\/bookingtjeneste.no\/nn\/wp-json\/wp\/v2\/media?parent=14272"}],"curies":[{"name":"wp","href":"https:\/\/api.w.org\/{rel}","templated":true}]}}