{"id":22048,"date":"2023-09-04T13:18:33","date_gmt":"2023-09-04T11:18:33","guid":{"rendered":"https:\/\/bookingtjeneste.no\/?page_id=22048"},"modified":"2026-02-26T10:57:57","modified_gmt":"2026-02-26T09:57:57","slug":"vipps-checkout","status":"publish","type":"page","link":"https:\/\/bookingtjeneste.no\/nn\/vipps-checkout\/","title":{"rendered":"Vipps Checkout"},"content":{"rendered":"<div data-elementor-type=\"wp-page\" data-elementor-id=\"22048\" class=\"elementor elementor-22048\">\n\t\t\t\t\t\t<section class=\"elementor-section elementor-top-section elementor-element elementor-element-00ad384 elementor-section-content-middle elementor-section-boxed elementor-section-height-default elementor-section-height-default\" data-id=\"00ad384\" data-element_type=\"section\" data-e-type=\"section\" data-settings=\"{&quot;pix_scale_in&quot;:&quot;none&quot;}\">\n\t\t\t\t\t\t<div class=\"elementor-container elementor-column-gap-default\">\n\t\t\t\t\t<div class=\"elementor-column elementor-col-50 elementor-top-column elementor-element elementor-element-54bcf18\" data-id=\"54bcf18\" data-element_type=\"column\" data-e-type=\"column\" data-settings=\"{&quot;pix_scale_in&quot;:&quot;none&quot;}\">\n\t\t\t<div class=\"elementor-widget-wrap elementor-element-populated\">\n\t\t\t\t\t\t<div class=\"elementor-element elementor-element-20988ee elementor-invisible elementor-widget elementor-widget-pix-badge\" data-id=\"20988ee\" data-element_type=\"widget\" data-e-type=\"widget\" data-widget_type=\"pix-badge.default\">\n\t\t\t\t<div class=\"elementor-widget-container\">\n\t\t\t\t\t<span class=\"pix-badge-element h4 d-inline-flex mr-1 animate-in\" data-anim-type=\"fade-in-left\" data-anim-delay=\"0\"><span class=\"badge font-weight-bold secondary-font badge-pill shadow-sm bg-white\" style=\" \"><span class=\"text-heading-default\" style=\"\">Vipps som betalingsmetode<\/span><\/span><\/span>\t\t\t\t<\/div>\n\t\t\t\t<\/div>\n\t\t\t\t<div class=\"elementor-element elementor-element-f403fb0 elementor-widget elementor-widget-pix-heading\" data-id=\"f403fb0\" data-element_type=\"widget\" data-e-type=\"widget\" data-widget_type=\"pix-heading.default\">\n\t\t\t\t<div class=\"elementor-widget-container\">\n\t\t\t\t\t<div  class=\"pix-heading-el text-left\"><h1 class=\"text-heading-default font-weight-bold h1 heading-text el-title_custom_color mb-12\" style=\"\" data-anim-type=\"\" data-anim-delay=\"\">Vipps Checkout<\/h1><\/div>\t\t\t\t<\/div>\n\t\t\t\t<\/div>\n\t\t\t\t<div class=\"elementor-element elementor-element-333cd5c elementor-widget elementor-widget-pix-text\" data-id=\"333cd5c\" data-element_type=\"widget\" data-e-type=\"widget\" data-widget_type=\"pix-text.default\">\n\t\t\t\t<div class=\"elementor-widget-container\">\n\t\t\t\t\t<div class=\"pix-el-text w-100 text-center\" ><p class=\"resp-option text-body-default text-center\" >Bookingtjeneste.no er en stolt partner av Vipps, og vi har utviklet v\u00e5r egen skreddersydde Vipps-integrasjon. Med v\u00e5r s\u00f8ml\u00f8se Vipps Checkout-l\u00f8sning kan dine kunder enkelt og trygt betale for tjenestene de bestiller. Vi legger stor vekt p\u00e5 brukervennlighet og sikkerhet, slik at b\u00e5de du og dine kunder kan nyte en problemfri betalingsopplevelse.<\/p><\/div>\t\t\t\t<\/div>\n\t\t\t\t<\/div>\n\t\t\t\t\t<\/div>\n\t\t<\/div>\n\t\t\t\t<div class=\"elementor-column elementor-col-50 elementor-top-column elementor-element elementor-element-ac6574d\" data-id=\"ac6574d\" data-element_type=\"column\" data-e-type=\"column\" data-settings=\"{&quot;pix_scale_in&quot;:&quot;none&quot;}\">\n\t\t\t<div class=\"elementor-widget-wrap elementor-element-populated\">\n\t\t\t\t\t\t<div class=\"elementor-element elementor-element-b1a6d45 elementor-widget elementor-widget-image\" data-id=\"b1a6d45\" data-element_type=\"widget\" data-e-type=\"widget\" data-widget_type=\"image.default\">\n\t\t\t\t<div class=\"elementor-widget-container\">\n\t\t\t\t\t\t\t\t\t\t\t\t\t\t\t<img fetchpriority=\"high\" decoding=\"async\" width=\"640\" height=\"114\" src=\"https:\/\/bookingtjeneste.no\/wp-content\/uploads\/2024\/01\/vipps-partner-preferium.no_.png\" class=\"attachment-large size-large wp-image-23484\" alt=\"bookingtjeneste bookingsystem\" srcset=\"https:\/\/bookingtjeneste.no\/wp-content\/uploads\/2024\/01\/vipps-partner-preferium.no_.png 1025w, https:\/\/bookingtjeneste.no\/wp-content\/uploads\/2024\/01\/vipps-partner-preferium.no_-300x53.png 300w, https:\/\/bookingtjeneste.no\/wp-content\/uploads\/2024\/01\/vipps-partner-preferium.no_-768x136.png 768w\" sizes=\"(max-width: 640px) 100vw, 640px\" \/>\t\t\t\t\t\t\t\t\t\t\t\t\t\t\t<\/div>\n\t\t\t\t<\/div>\n\t\t\t\t\t<\/div>\n\t\t<\/div>\n\t\t\t\t\t<\/div>\n\t\t<\/section>\n\t\t\t\t<section class=\"elementor-section elementor-top-section elementor-element elementor-element-1f39552f elementor-section-stretched elementor-section-boxed elementor-section-height-default elementor-section-height-default\" data-id=\"1f39552f\" data-element_type=\"section\" data-e-type=\"section\" data-settings=\"{&quot;stretch_section&quot;:&quot;section-stretched&quot;,&quot;background_background&quot;:&quot;classic&quot;,&quot;pix_scale_in&quot;:&quot;none&quot;}\">\n\t\t\t\t\t\t<div class=\"elementor-container elementor-column-gap-default\">\n\t\t\t\t\t<div class=\"elementor-column elementor-col-50 elementor-top-column elementor-element elementor-element-76950946\" data-id=\"76950946\" data-element_type=\"column\" data-e-type=\"column\" data-settings=\"{&quot;pix_scale_in&quot;:&quot;none&quot;}\">\n\t\t\t<div class=\"elementor-widget-wrap elementor-element-populated\">\n\t\t\t\t\t\t<div class=\"elementor-element elementor-element-4eb014d0 elementor-invisible elementor-widget elementor-widget-pix-badge\" data-id=\"4eb014d0\" data-element_type=\"widget\" data-e-type=\"widget\" data-widget_type=\"pix-badge.default\">\n\t\t\t\t<div class=\"elementor-widget-container\">\n\t\t\t\t\t<span class=\"pix-badge-element h4 d-inline-flex mr-1 animate-in\" data-anim-type=\"fade-in-left\" data-anim-delay=\"0\"><span class=\"badge font-weight-bold secondary-font badge-pill shadow-sm bg-white\" style=\" \"><span class=\"text-heading-default\" style=\"\">Vipps Checkout p\u00e5 Bookingtjeneste.no<\/span><\/span><\/span>\t\t\t\t<\/div>\n\t\t\t\t<\/div>\n\t\t\t\t<div class=\"elementor-element elementor-element-7ec5f28 elementor-widget elementor-widget-pix-heading\" data-id=\"7ec5f28\" data-element_type=\"widget\" data-e-type=\"widget\" data-widget_type=\"pix-heading.default\">\n\t\t\t\t<div class=\"elementor-widget-container\">\n\t\t\t\t\t<div  class=\"pix-heading-el text-left\"><div class=\"d-inline-block\" style=\"max-width:800px;\"><h2 class=\"text-heading-default font-weight-bold h2 heading-text el-title_custom_color mb-12\" style=\"\" data-anim-type=\"\" data-anim-delay=\"\">Oppsett av Vipps Checkout<\/h2><\/div><\/div>\t\t\t\t<\/div>\n\t\t\t\t<\/div>\n\t\t\t\t<div class=\"elementor-element elementor-element-e508762 elementor-invisible elementor-widget elementor-widget-pix-text\" data-id=\"e508762\" data-element_type=\"widget\" data-e-type=\"widget\" data-widget_type=\"pix-text.default\">\n\t\t\t\t<div class=\"elementor-widget-container\">\n\t\t\t\t\t<div class=\"pix-el-text w-100 text-left\" ><p class=\"resp-option text-left\"><div class=\"animate-in d-inline-block\" data-anim-delay=\"300\" data-anim-type=\"fade-in-up\"><p>Du kan bruke Vipps til \u00e5 selge tjenester p\u00e5 Bookingtjeneste.no uten ekstra kostnader fra oss. Det p\u00e5l\u00f8per kun et lite gebyr fra Vipps per transaksjon. Via Vipps Checkout kan kunden betale med Vipps-appen, kort eller Klarna (Klarna forutsetter at kunden har aktivert dette i sin Vipps-app). Oppsettet er enkelt \u2014 se v\u00e5r dokumentasjon. Trenger du hjelp, bist\u00e5r vi gjerne.<\/p><\/div><\/p><\/div>\t\t\t\t<\/div>\n\t\t\t\t<\/div>\n\t\t\t\t<div class=\"elementor-element elementor-element-971813d elementor-widget__width-auto magicui-rainbow-button elementor-widget-tablet__width-auto elementor-widget elementor-widget-pix-button\" data-id=\"971813d\" data-element_type=\"widget\" data-e-type=\"widget\" data-widget_type=\"pix-button.default\">\n\t\t\t\t<div class=\"elementor-widget-container\">\n\t\t\t\t\t<a  href=\"https:\/\/bookingtjeneste.no\/nn\/bestilling\/\" class=\"btn m-0     shadow shadow-hover btn-primary d-inline-flex align-items-center      animate-in btn-normal\"   data-anim-type=\"fade-in-left\" data-anim-delay=\"300\" ><svg class=\"pixfort-icon font-weight-bold   mr-2\" width=\"24\" height=\"24\"  data-name=\"Line\/pixfort-icon-space-rocket-3\" viewbox=\"2 2 20 20\"><path fill=\"none\" stroke=\"var(--pf-icon-color)\" stroke-linecap=\"round\" stroke-linejoin=\"round\" stroke-width=\"var(--pf-icon-stroke-width)\" d=\"M9.89499007,14.0699901 C9.39499007,9.06999007 8.89499007,2.06999007 12.8949901,0.0699900654 C16.8949901,2.06999007 16.3949901,9.06999007 15.8949901,14.0699901 L9.89499007,14.0699901 Z M9.89499007,14.0699901 C8.89499007,15.0699901 8.89499007,15.0699901 8.89499007,17.0699901 C9.89499007,15.0699901 10.3949901,15.0699901 12.8949901,15.0699901 C15.3949901,15.0699901 15.8949901,15.0699901 16.8949901,17.0699901 C16.8949901,15.0699901 16.8949901,15.0699901 15.8949901,14.0699901 L9.89499007,14.0699901 Z M9.39499007,21.5699901 L10.1449901,19.3199901 M12.8899901,22.3199901 L12.8899901,18.0699901 M16.3949901,21.5699901 L15.6449901,19.3199901 M12.8949901,6.84540297 C13.1711324,6.84540297 13.3949901,6.62154534 13.3949901,6.34540297 C13.3949901,6.06926059 13.1711324,5.84540297 12.8949901,5.84540297 C12.6188477,5.84540297 12.3949901,6.06926059 12.3949901,6.34540297 C12.3949901,6.62154534 12.6188477,6.84540297 12.8949901,6.84540297 Z\" transform=\"rotate(45 12.895 11.195)\"\/><\/svg><span class=\"font-weight-bold\" >Lag din Bookingtjeneste<\/span><\/a>\t\t\t\t<\/div>\n\t\t\t\t<\/div>\n\t\t\t\t<div class=\"elementor-element elementor-element-4b58840 elementor-widget__width-auto magicui-rainbow-button elementor-widget elementor-widget-pix-button\" data-id=\"4b58840\" data-element_type=\"widget\" data-e-type=\"widget\" data-widget_type=\"pix-button.default\">\n\t\t\t\t<div class=\"elementor-widget-container\">\n\t\t\t\t\t<a  href=\"https:\/\/bookingtjeneste.no\/nn\/dokumentasjon\/vipps-checkout\/\" class=\"btn m-0     shadow-sm shadow-hover-sm text-heading-default btn-white d-inline-flex align-items-center      animate-in btn-normal\" target=\"_blank\" rel=\"noopener\"  data-anim-type=\"fade-in-left\" data-anim-delay=\"400\" ><svg class=\"pixfort-icon font-weight-bold   mr-2\" width=\"24\" height=\"24\"  data-name=\"Line\/pixfort-icon-browser-check-1\" viewbox=\"2 2 20 20\"><path fill=\"none\" stroke=\"var(--pf-icon-color)\" stroke-linecap=\"round\" stroke-linejoin=\"round\" stroke-width=\"var(--pf-icon-stroke-width)\" d=\"M3,9 L21,9 M6,6 L6.1,6 M9,6 L9.1,6 M12,6 L12.1,6 M5,3 L19,3 C20.1045695,3 21,3.8954305 21,5 L21,19 C21,20.1045695 20.1045695,21 19,21 L5,21 C3.8954305,21 3,20.1045695 3,19 L3,5 C3,3.8954305 3.8954305,3 5,3 Z M9,15 L11,17 L15,13\"\/><\/svg><span class=\"font-weight-bold\" >Dokumentasjon om Vipps Checkout<\/span><\/a>\t\t\t\t<\/div>\n\t\t\t\t<\/div>\n\t\t\t\t\t<\/div>\n\t\t<\/div>\n\t\t\t\t<div class=\"elementor-column elementor-col-50 elementor-top-column elementor-element elementor-element-24b2bfb8\" data-id=\"24b2bfb8\" data-element_type=\"column\" data-e-type=\"column\" data-settings=\"{&quot;pix_scale_in&quot;:&quot;none&quot;}\">\n\t\t\t<div class=\"elementor-widget-wrap elementor-element-populated\">\n\t\t\t\t\t\t<div class=\"elementor-element elementor-element-7e338f3 elementor-hidden-mobile elementor-widget elementor-widget-image\" data-id=\"7e338f3\" data-element_type=\"widget\" data-e-type=\"widget\" data-widget_type=\"image.default\">\n\t\t\t\t<div class=\"elementor-widget-container\">\n\t\t\t\t\t\t\t\t\t\t\t\t\t\t\t<img decoding=\"async\" width=\"1000\" height=\"400\" src=\"https:\/\/bookingtjeneste.no\/wp-content\/uploads\/2024\/12\/logo-betaling-vipps.png\" class=\"attachment-full size-full wp-image-25552\" alt=\"\" srcset=\"https:\/\/bookingtjeneste.no\/wp-content\/uploads\/2024\/12\/logo-betaling-vipps.png 1000w, https:\/\/bookingtjeneste.no\/wp-content\/uploads\/2024\/12\/logo-betaling-vipps-300x120.png 300w, https:\/\/bookingtjeneste.no\/wp-content\/uploads\/2024\/12\/logo-betaling-vipps-768x307.png 768w\" sizes=\"(max-width: 1000px) 100vw, 1000px\" \/>\t\t\t\t\t\t\t\t\t\t\t\t\t\t\t<\/div>\n\t\t\t\t<\/div>\n\t\t\t\t\t<\/div>\n\t\t<\/div>\n\t\t\t\t\t<\/div>\n\t\t<\/section>\n\t\t<div class=\"elementor-element elementor-element-b44a21a e-flex e-con-boxed e-con e-parent\" data-id=\"b44a21a\" data-element_type=\"container\" data-e-type=\"container\" data-settings=\"{&quot;pix_scale_in&quot;:&quot;none&quot;}\">\n\t\t\t\t\t<div class=\"e-con-inner\">\n\t\t\t\t\t<\/div>\n\t\t\t\t<\/div>\n\t\t\t\t<\/div>","protected":false},"excerpt":{"rendered":"<p>Vipps som betalingsmetode Vipps Checkout Bookingtjeneste.no er en stolt partner av Vipps, og vi har utviklet v\u00e5r egen skreddersydde Vipps-integrasjon. Med v\u00e5r s\u00f8ml\u00f8se Vipps Checkout-l\u00f8sning kan dine kunder enkelt og trygt betale for tjenestene de bestiller. Vi legger stor vekt&#8230;<\/p>","protected":false},"author":1,"featured_media":24547,"parent":0,"menu_order":0,"comment_status":"closed","ping_status":"closed","template":"","meta":{"footnotes":""},"class_list":["post-22048","page","type-page","status-publish","has-post-thumbnail","hentry"],"_links":{"self":[{"href":"https:\/\/bookingtjeneste.no\/nn\/wp-json\/wp\/v2\/pages\/22048","targetHints":{"allow":["GET"]}}],"collection":[{"href":"https:\/\/bookingtjeneste.no\/nn\/wp-json\/wp\/v2\/pages"}],"about":[{"href":"https:\/\/bookingtjeneste.no\/nn\/wp-json\/wp\/v2\/types\/page"}],"author":[{"embeddable":true,"href":"https:\/\/bookingtjeneste.no\/nn\/wp-json\/wp\/v2\/users\/1"}],"replies":[{"embeddable":true,"href":"https:\/\/bookingtjeneste.no\/nn\/wp-json\/wp\/v2\/comments?post=22048"}],"version-history":[{"count":0,"href":"https:\/\/bookingtjeneste.no\/nn\/wp-json\/wp\/v2\/pages\/22048\/revisions"}],"wp:featuredmedia":[{"embeddable":true,"href":"https:\/\/bookingtjeneste.no\/nn\/wp-json\/wp\/v2\/media\/24547"}],"wp:attachment":[{"href":"https:\/\/bookingtjeneste.no\/nn\/wp-json\/wp\/v2\/media?parent=22048"}],"curies":[{"name":"wp","href":"https:\/\/api.w.org\/{rel}","templated":true}]}}